{"id":532,"date":"2018-09-14T14:40:57","date_gmt":"2018-09-14T12:40:57","guid":{"rendered":"https:\/\/biologika-register.de?page_id=532"},"modified":"2018-09-14T14:40:57","modified_gmt":"2018-09-14T12:40:57","slug":"oral-abstract-presentations","status":"publish","type":"page","link":"https:\/\/biologika-register.de\/en\/rabbit\/results\/abstracts-and-posters\/oral-abstract-presentations\/","title":{"rendered":"Oral Abstract Presentations"},"content":{"rendered":"<table class=\"contenttable\" cellpadding=\"10\">\n<thead>\n<tr>\n<td><b>Title<\/b><\/td>\n<td><b>Meeting, Location, Date<\/b><\/td>\n<\/tr>\n<\/thead>\n<tbody>\n<tr>\n<td><a href=\"https:\/\/biologika-register.de\/wp-content\/uploads\/2018\/09\/A46_PrognosticFactors.pdf\" title=\"Initiates file download\" target=\"_blank\" class=\"download\"> What is the impact of poor prognostic factors on the achievement of low disease activity in patients with rheumatoid arthritis? Data from the German Biologics Register RABBIT and the early-arthritis cohort CAPEA <\/a><\/td>\n<td> EULAR, Amsterdam,<br \/>13. \u2013 16. Juni 2018<\/td>\n<\/tr>\n<tr>\n<td><a href=\"https:\/\/biologika-register.de\/wp-content\/uploads\/2018\/09\/A45_Psoriasis.pdf\" title=\"Initiates file download\" target=\"_blank\" class=\"download\"> H\u00e4ufigkeit und Risikofaktoren inzidenter Psoriasis bei Patienten mit rheumatoider Arthritis unter biologischer und konventionell-synthetischer DMARD-Therapie <\/a><\/td>\n<td> DGRh, Stuttgart,<br \/>6. \u2013 9. September 2017<\/td>\n<\/tr>\n<tr>\n<td><a href=\"https:\/\/biologika-register.de\/wp-content\/uploads\/2018\/09\/A44_MTX.pdf\" title=\"Initiates file download\" target=\"_blank\" class=\"download\"> Wechsel von synthetischen auf biologische DMARDs \u2013 wird Methotrexat nicht ausreichend genutzt? <\/a><\/td>\n<td> DGRh, Stuttgart,<br \/>6. \u2013 9. September 2017<\/td>\n<\/tr>\n<tr>\n<td><a href=\"https:\/\/biologika-register.de\/wp-content\/uploads\/2018\/09\/A43_EarlyResponse.pdf\" title=\"Initiates file download\" target=\"_blank\" class=\"download\"> Bei rheumatoider Arthritis ist fr\u00fches Therapieansprechen auf konventionelle synthetische DMARDs ein besserer Pr\u00e4diktor f\u00fcr das Erreichen niedriger Krankheitsaktivit\u00e4t nach 12 und 24 Monaten als Autoantik\u00f6rper und Erosionen <\/a><\/td>\n<td> DGRh, Stuttgart,<br \/>6. \u2013 9. September 2017<\/td>\n<\/tr>\n<tr>\n<td><a href=\"https:\/\/biologika-register.de\/wp-content\/uploads\/2018\/09\/A42_stroke_in_patients_wit.pdf\" title=\"Initiates file download\" target=\"_blank\" class=\"download\">The Risk of Stroke in Patients with Rheumatoid Arthritis and the Association with Competing Adverse Events<\/a><\/td>\n<td>ACR, Washington DC,<br \/>11.-16. November 2016<\/td>\n<\/tr>\n<tr>\n<td><a href=\"https:\/\/biologika-register.de\/wp-content\/uploads\/2018\/09\/A40_lower_intestinal_perforat.pdf\" title=\"Initiates file download\" target=\"_blank\" class=\"download\">Risk for Lower Intestinal Perforations in RA Patients Treated with Tocilizumab in Comparison to Treatment with TNF Inhibitors, Rituximab, Abatacept or Conventional Synthetic DMARDs<\/a><\/td>\n<td>ACR, San Francisco,<br \/>7.-11. November 2015<\/td>\n<\/tr>\n<tr>\n<td><a href=\"https:\/\/biologika-register.de\/wp-content\/uploads\/2018\/09\/A41_sepsis.pdf\" title=\"Initiates file download\" target=\"_blank\" class=\"download\">The Impact of Biologic DMARD Treatment on Sepsis and Mortality after Serious Infection<\/a><\/td>\n<td>ACR, San Francisco,<br \/>7.-11. November 2015<\/td>\n<\/tr>\n<tr>\n<td><a href=\"https:\/\/biologika-register.de\/wp-content\/uploads\/2018\/09\/A37_Impfen.pdf\" title=\"Initiates file download\" target=\"_blank\" class=\"download\">Unbekannter Impfstatus: Pr\u00e4diktor f\u00fcr erh\u00f6htes Risikos schwerwiegender Infektionen?<\/a><\/td>\n<td>DGRh, Bremen,<br \/>2.-5. September 2015<\/td>\n<\/tr>\n<tr>\n<td><a href=\"https:\/\/biologika-register.de\/wp-content\/uploads\/2018\/09\/A38_Sepsis.pdf\" title=\"Initiates file download\" target=\"_blank\" class=\"download\">Der Einfluss der Biologikatherapie auf das Risiko von Sepsis und Mortalit\u00e4t nach schwerwiegenden Infektionen<\/a><\/td>\n<td>DGRh, Bremen,<br \/>2.-5. September 2015<\/td>\n<\/tr>\n<tr>\n<td><a href=\"https:\/\/biologika-register.de\/wp-content\/uploads\/2018\/09\/A39_Schwangerschaft.pdf\" title=\"Initiates file download\" target=\"_blank\" class=\"download\">Schwangerschaftsverlauf bei Patientinnen mit rheumatoider Arthritis: Behandlungsentscheidungen, Krankheitsaktivit\u00e4t und Ausgang der Schwangerschaft<\/a><\/td>\n<td>DGRh, Bremen,<br \/>2.-5. September 2015<\/td>\n<\/tr>\n<tr>\n<td><a href=\"https:\/\/biologika-register.de\/wp-content\/uploads\/2018\/09\/A35_Sepsis.pdf\" title=\"Initiates file download\" target=\"_blank\" class=\"download\">Discontinuation of biologic DMARDs increases the risk of sepsis and mortality after serious infection<\/a><\/td>\n<td>EULAR, Rom,<br \/>10.-13. Juni 2015<\/td>\n<\/tr>\n<tr>\n<td><a href=\"https:\/\/biologika-register.de\/wp-content\/uploads\/2018\/09\/A36_Pregnancies.pdf\" title=\"Initiates file download\" target=\"_blank\" class=\"download\">Pregnancies in patients with rheumatoid arthritis: Treatment decisions, course of the disease, and pregnancy outcomes<\/a><\/td>\n<td>EULAR, Rom,<br \/>10.-13. Juni 2015<\/td>\n<\/tr>\n<tr>\n<td><a href=\"https:\/\/biologika-register.de\/wp-content\/uploads\/2018\/09\/A31_Rezidivrisiko_178.pdf\" title=\"Initiates file download\" target=\"_blank\" class=\"download\">Rezidivrisiko von Patienten mit Tumoranamnese unter verschiedenen Biologikatherapien<\/a><\/td>\n<td>DGRh, D\u00fcsseldorf, <br \/>17.-20. September 2014<\/td>\n<\/tr>\n<tr>\n<td><a href=\"https:\/\/biologika-register.de\/wp-content\/uploads\/2018\/09\/A32_Schlaganfall_218.pdf\" title=\"Initiates file download\" target=\"_blank\" class=\"download\">Risikofaktoren f\u00fcr Schlaganfall bei Patienten mit rheumatoider Arthritis<\/a><\/td>\n<td>DGRh, D\u00fcsseldorf, <br \/>17.-20. September 2014<\/td>\n<\/tr>\n<tr>\n<td><a href=\"https:\/\/biologika-register.de\/wp-content\/uploads\/2018\/09\/A33_seqDMARD_105.pdf\" title=\"Initiates file download\" target=\"_blank\" class=\"download\">Effektivit\u00e4t eines ersten, zweiten oder dritten Biologikums in der Therapie der RA \u2013 Krankheitscharakteristika haben eine gr\u00f6\u00dfere Bedeutung als die Wahl der Substanz<\/a><\/td>\n<td>DGRh, D\u00fcsseldorf, <br \/>17.-20. September 2014<\/td>\n<\/tr>\n<tr>\n<td><a href=\"https:\/\/biologika-register.de\/wp-content\/uploads\/2018\/09\/A34_Arzneimittelsicherheit.pdf\" title=\"Initiates file download\" target=\"_blank\" class=\"download\">Arzneimittelsicherheit in der internistischen Rheumatologie &#8211; welche Informationen liefert das RABBIT-Register<\/a><\/td>\n<td>DGRh, D\u00fcsseldorf, <br \/>17.-20. September 2014<\/td>\n<\/tr>\n<tr>\n<td><a href=\"https:\/\/biologika-register.de\/wp-content\/uploads\/2018\/09\/A30_EULAR14-SCIE-3684-CHF.pdf\" title=\"Initiates file download\" target=\"_blank\" class=\"download\">High risk of developing fatal infections in RA patients with congestive heart failure<\/a><\/td>\n<td>EULAR, Paris, <br \/>11.-14. Juni 2014<\/td>\n<\/tr>\n<tr style=\"width: 10em;\">\n<td><a href=\"https:\/\/biologika-register.de\/wp-content\/uploads\/2018\/09\/A29_Prior_malignancies_final.pdf\" title=\"Initiates file download\" target=\"_blank\" class=\"download\">Risk of Cancer Recurrence or new tumors in RA Patients with Prior Malignancies treated with various Biologic Agents<\/a><\/td>\n<td>ACR, San Diego, <br \/>25.-30.&nbsp;Oktober&nbsp;2013<\/td>\n<\/tr>\n<tr>\n<td><a href=\"https:\/\/biologika-register.de\/wp-content\/uploads\/2018\/09\/A28_MyoInf_13-132-11.pdf\" title=\"Initiates file download\" target=\"_blank\" class=\"download\">Patienten mit unzureichend kontrollierter rheumatoider Arthritis tragen ein erh\u00f6htes Risiko f\u00fcr akuten Myokardinfarkt<\/a><\/td>\n<td>DGRh, Mannheim, <br \/>18.-21.&nbsp;September 2013<\/td>\n<\/tr>\n<tr>\n<td><a href=\"https:\/\/biologika-register.de\/wp-content\/uploads\/2018\/09\/A27_Trends_13-131-3.pdf\" title=\"Initiates file download\" target=\"_blank\" class=\"download\">Therapie der Rheumatoiden Arthritis im letzten Jahrzehnt &#8211; was hat sich ver\u00e4ndert?<\/a><\/td>\n<td>DGRh, Mannheim, <br \/>18.-21.&nbsp;September 2013<\/td>\n<\/tr>\n<tr>\n<td><a href=\"https:\/\/biologika-register.de\/wp-content\/uploads\/2018\/09\/A26_MI_EULAR13.pdf\" title=\"Initiates file download\" target=\"_blank\" class=\"download\">Acute myocardial infarction is driven by chronic systemic inflammation, irrespective of the kind of treatment &#8211; data from the German biologics register RABBIT<\/a><\/td>\n<td>EULAR, Madrid, <br \/>12.-15. Juni 2013<\/td>\n<\/tr>\n<tr>\n<td><a href=\"https:\/\/biologika-register.de\/wp-content\/uploads\/2018\/09\/A25_Krebs_Infektionen.pdf\" title=\"Initiates file download\" target=\"_blank\" class=\"download\">Krebs und Infektionen &#8211; Was ist der aktuelle Stand nach den Daten der europ\u00e4ischen Register?<\/a><\/td>\n<td>DGRh, Bochum, <br \/>19.-22.&nbsp;September&nbsp;2012<\/td>\n<\/tr>\n<tr>\n<td><a href=\"https:\/\/biologika-register.de\/wp-content\/uploads\/2018\/09\/A24_fatigue.pdf\" title=\"Initiates file download\" target=\"_blank\" class=\"download\">Einfluss von Biologika auf die Verbesserung von M\u00fcdigkeit und Ersch\u00f6pfung (Fatigue)<\/a><\/td>\n<td>DGRh, Bochum, <br \/>19.-22.&nbsp;September&nbsp;2012<\/td>\n<\/tr>\n<tr>\n<td><a href=\"https:\/\/biologika-register.de\/wp-content\/uploads\/2018\/09\/A23_EULAR12_mortality.pdf\" title=\"Initiates file download\" target=\"_blank\" class=\"download\">Successful control of disease activity and treatment with biologics increase the life expectancy in rheumatoid arthritis patients<\/a><\/td>\n<td>EULAR, Berlin, <br \/>6.-9. Juni 2012<\/td>\n<\/tr>\n<tr>\n<td><a href=\"https:\/\/biologika-register.de\/wp-content\/uploads\/2018\/09\/A22_RiskscoreEULAR12.pdf\" title=\"Initiates file download\" target=\"_blank\" class=\"download\">Validation of the RABBIT risk score for serious infections<\/a><\/td>\n<td>EULAR, Berlin, <br \/>6.-9. Juni 2012<\/td>\n<\/tr>\n<tr>\n<td><a href=\"https:\/\/biologika-register.de\/wp-content\/uploads\/2018\/09\/A21_EULAR12-disability%20pension.pdf\" title=\"Initiates file download\" target=\"_blank\" class=\"download\">Decreasing incidence of disability pensions in patients with rheumatoid arthritis in Germany<\/a><\/td>\n<td>EULAR, Berlin, <br \/>6.-9. Juni 2012<\/td>\n<\/tr>\n<tr>\n<td><a href=\"https:\/\/biologika-register.de\/wp-content\/uploads\/2018\/09\/A20_Unterschiede_Mann_Frau.pdf\" title=\"Initiates file download\" target=\"_blank\" class=\"download\">Unterschiede zwischen Mann und Frau bei rheumatoider Arthritis (RA)<\/a><\/td>\n<td>DGRh, M\u00fcnchen, <br \/>31. August &#8211; <br \/>3. September 2011<\/td>\n<\/tr>\n<tr>\n<td><a href=\"https:\/\/biologika-register.de\/wp-content\/uploads\/2018\/09\/A19_Remission_Funktionsfaehigkeit_2011.pdf\" title=\"Initiates file download\" target=\"_blank\" class=\"download\">RA-Patienten, die eine Remission nach den neuen EULAR\/ACR-Kriterien erreichen, haben eine der Normalbev\u00f6lkerung vergleichbare Funktionsf\u00e4higkeit<\/a><\/td>\n<td>DGRh, M\u00fcnchen, <br \/>31. August &#8211; <br \/>3. September 2011<\/td>\n<\/tr>\n<tr>\n<td><a href=\"https:\/\/biologika-register.de\/wp-content\/uploads\/2018\/09\/A18_EULAR_interpreting_safety_data_2011.pdf\" title=\"Initiates file download\" target=\"_blank\" class=\"download\">Interpreting safety data from registries<\/a><\/td>\n<td>EULAR, London, <br \/>25.-28. Mai 2011<\/td>\n<\/tr>\n<tr>\n<td><a href=\"https:\/\/biologika-register.de\/wp-content\/uploads\/2018\/09\/A17_Biologika_Alter.pdf\" title=\"Initiates file download\" target=\"_blank\" class=\"download\">Wie sicher ist die Biologika-Therapie im Alter? Ergebnisse aus RABBIT<\/a><\/td>\n<td>DGRh, Hamburg, <br \/>15.-18. September 2010<\/td>\n<\/tr>\n<tr>\n<td><a href=\"https:\/\/biologika-register.de\/wp-content\/uploads\/2018\/09\/A16_Risiken_unter_Biologikatherapie.pdf\" title=\"Initiates file download\" target=\"_blank\" class=\"download\">Risiken unter Biologikatherapie.<\/a><\/td>\n<td>DGRh, Hamburg, <br \/>15.-18. September 2010<\/td>\n<\/tr>\n<tr>\n<td><a href=\"https:\/\/biologika-register.de\/wp-content\/uploads\/2018\/09\/A15_DGRH_rabbit_sepsis.pdf\" title=\"Initiates file download\" target=\"_blank\" class=\"download\">Risikofaktoren f\u00fcr Sepsis unter anti-TNF Therapie<\/a><\/td>\n<td>DGRh, Hamburg, <br \/>15.-18. September 2010<\/td>\n<\/tr>\n<tr>\n<td><a href=\"https:\/\/biologika-register.de\/wp-content\/uploads\/2018\/09\/A14_EULAR10_rabbit_sepsis.pdf\" title=\"Initiates file download\" target=\"_blank\" class=\"download\">Increased risk of sepsis after termination of anti-TNFa treatment<\/a><\/td>\n<td>EULAR, Rom, <br \/>16.-19. Juni 2010<\/td>\n<\/tr>\n<tr>\n<td><a href=\"https:\/\/biologika-register.de\/wp-content\/uploads\/2018\/09\/A13_ACR09_rabbit_infections.pdf\" title=\"Initiates file download\" target=\"_blank\" class=\"download\">Does the risk of serious infections in anti-TNF treated patients decrease over time?<\/a><\/td>\n<td>ACR, Philadelphia, <br \/>17.-21. Oktober 2009<\/td>\n<\/tr>\n<tr>\n<td><a href=\"https:\/\/biologika-register.de\/wp-content\/uploads\/2018\/09\/A12_ACR09_rabbit_Rituximab_effectiveness.pdf\" title=\"Initiates file download\" target=\"_blank\" class=\"download\">Effectiveness of treatment with Rituximab depends on autoantibody status &#8211; results from 2 years of experience in the German biologics register RABBIT<\/a><\/td>\n<td>ACR, Philadelphia, <br \/>17.-21. Oktober 2009<\/td>\n<\/tr>\n<tr>\n<td><a href=\"https:\/\/biologika-register.de\/wp-content\/uploads\/2018\/09\/A11_DGRH_2009_Infektionen.pdf\" title=\"Initiates file download\" target=\"_blank\" class=\"download\">Infektionen unter Biologika &#8211; Wie hoch ist das Risiko?<\/a><\/td>\n<td>DGRh, K\u00f6ln, <br \/>23.-26. September 2009<\/td>\n<\/tr>\n<tr>\n<td><a href=\"https:\/\/biologika-register.de\/wp-content\/uploads\/2018\/09\/A10_EULAR09_Biologics_in_the_elderly.pdf\" title=\"Initiates file download\" target=\"_blank\" class=\"download\">Biologic treatment in elderly patients: specific safety concerns<\/a><\/td>\n<td>EULAR, Kopenhagen, <br \/>10.-13. Juni 2009<\/td>\n<\/tr>\n<tr>\n<td><a href=\"https:\/\/biologika-register.de\/wp-content\/uploads\/2018\/09\/A09_Rabbit_ACR_Neuropathy.pdf\" title=\"Initiates file download\" target=\"_blank\" class=\"download\">Leflunomide increases the risk for incident peripheral neuropathies in patients with RA. <\/a><\/td>\n<td>ACR, San Francisco, <br \/>24.-29. Oktober 2008<\/td>\n<td>&nbsp;<\/td>\n<\/tr>\n<tr>\n<td><a href=\"https:\/\/biologika-register.de\/wp-content\/uploads\/2018\/09\/A08_RABBIT_pregnancy.pdf\" title=\"Initiates file download\" target=\"_blank\" class=\"download\">Pregnancy Outcome after Exposure to Biologics: Results from the German Biologics Register RABBIT<\/a><\/td>\n<td>ACR, Boston, <br \/>06.-11. November 2007<\/td>\n<\/tr>\n<tr>\n<td><a href=\"https:\/\/biologika-register.de\/wp-content\/uploads\/2018\/09\/A07_RABBIT_Herpes_DGRh_2007.pdf\" title=\"Initiates file download\" target=\"_blank\" class=\"download\">Reaktivierungen latenter Herpesinfektionen bei RA-Patienten unter anti-TNF Therapie &#8211; Daten aus dem RABBIT-Register<\/a><\/td>\n<td>DGRh, Hamburg, <br \/>19.-22. September 2007<\/td>\n<\/tr>\n<tr>\n<td><a href=\"https:\/\/biologika-register.de\/wp-content\/uploads\/2018\/09\/A06_Rabbit_EULAR_Herpes.pdf\" title=\"Initiates file download\" target=\"_blank\" class=\"download\">Reactivation of herpesviruses (HHV-1 and HHV-3) infections is increased in RA patients treated with adalimumab or infliximab<\/a><\/td>\n<td>EULAR,Barcelona,<br \/>13.-16.Juni 2007<\/td>\n<\/tr>\n<tr>\n<td><a href=\"https:\/\/biologika-register.de\/wp-content\/uploads\/2018\/09\/A05_ACR-rabbit-cardiac.pdf\" title=\"Initiates file download\" target=\"_blank\" class=\"download\">A highly active disease, treatment with glucocorticoids or coxibs but not the treatment with tnf inhibitors were identified as risk factors for a cardiac failure in RA<\/a><\/td>\n<td>ACR, Washington DC, 10.- 15. November 2006 <\/td>\n<\/tr>\n<tr>\n<td><a href=\"https:\/\/biologika-register.de\/wp-content\/uploads\/2018\/09\/A04_ACR_rabbit-trials.pdf\" title=\"Initiates file download\" target=\"_blank\" class=\"download\">Patients who are ineligible for clinical trials have lower treatment response in daily practice than those who fulfil standard inclusion criteria<\/a><\/td>\n<td>ACR, Washington DC, 10.- 15. November 2006 <\/td>\n<\/tr>\n<tr>\n<td><a href=\"https:\/\/biologika-register.de\/wp-content\/uploads\/2018\/09\/A03_RABBIT_kardiale_Ereignisse.pdf\" title=\"Initiates file download\" target=\"_blank\" class=\"download\">Erh\u00f6hen Biologika das Risiko einer Herzinsuffizienz bei RA-Patienten?<\/a> <\/td>\n<td>DGRh, Wiesbaden, <br \/>18.-21. Oktober 2006<\/td>\n<\/tr>\n<tr>\n<td><a href=\"https:\/\/biologika-register.de\/wp-content\/uploads\/2018\/09\/A02_RABBIT_UEs.pdf\" title=\"Initiates file download\" target=\"_blank\" class=\"download\">Sicherheit und Vertr\u00e4glichkeit der Biologikatherapie &#8211; Neues aus dem RABBIT-Register<\/a><\/td>\n<td>DGRh, Wiesbaden, <br \/>18.-21. Oktober 2006<\/td>\n<\/tr>\n<tr>\n<td><a href=\"https:\/\/biologika-register.de\/wp-content\/uploads\/2018\/09\/A01_rabbit-Eular.pdf\" title=\"Initiates file download\" target=\"_blank\" class=\"download\">Patients treated with biologics in daily practice differ in treatment response according to their eligibility for the major RCTs<\/a><\/td>\n<td>EULAR, Amsterdam, <br \/>21.-24. Juni 2006 <\/td>\n<\/tr>\n<tr>\n<td><\/td>\n<td><\/td>\n<\/tr>\n<\/tbody>\n<\/table>\n","protected":false},"excerpt":{"rendered":"<p>Title Meeting, Location, Date What is the impact of poor prognostic factors on the achievement of low disease activity in &#8230; <a title=\"Oral Abstract Presentations\" class=\"read-more\" href=\"https:\/\/biologika-register.de\/en\/rabbit\/results\/abstracts-and-posters\/oral-abstract-presentations\/\" aria-label=\"Read more about Oral Abstract Presentations\">mehr<\/a><\/p>\n","protected":false},"author":7,"featured_media":0,"parent":530,"menu_order":0,"comment_status":"closed","ping_status":"closed","template":"","meta":{"_crdt_document":"","generate_page_header":"","footnotes":""},"class_list":{"0":"post-532","1":"page","2":"type-page","3":"status-publish","5":"infinite-scroll-item"},"_links":{"self":[{"href":"https:\/\/biologika-register.de\/en\/wp-json\/wp\/v2\/pages\/532","targetHints":{"allow":["GET"]}}],"collection":[{"href":"https:\/\/biologika-register.de\/en\/wp-json\/wp\/v2\/pages"}],"about":[{"href":"https:\/\/biologika-register.de\/en\/wp-json\/wp\/v2\/types\/page"}],"author":[{"embeddable":true,"href":"https:\/\/biologika-register.de\/en\/wp-json\/wp\/v2\/users\/7"}],"replies":[{"embeddable":true,"href":"https:\/\/biologika-register.de\/en\/wp-json\/wp\/v2\/comments?post=532"}],"version-history":[{"count":2,"href":"https:\/\/biologika-register.de\/en\/wp-json\/wp\/v2\/pages\/532\/revisions"}],"predecessor-version":[{"id":1091,"href":"https:\/\/biologika-register.de\/en\/wp-json\/wp\/v2\/pages\/532\/revisions\/1091"}],"up":[{"embeddable":true,"href":"https:\/\/biologika-register.de\/en\/wp-json\/wp\/v2\/pages\/530"}],"wp:attachment":[{"href":"https:\/\/biologika-register.de\/en\/wp-json\/wp\/v2\/media?parent=532"}],"curies":[{"name":"wp","href":"https:\/\/api.w.org\/{rel}","templated":true}]}}