{"id":411,"date":"2018-08-28T14:08:33","date_gmt":"2018-08-28T12:08:33","guid":{"rendered":"https:\/\/biologika-register.de?page_id=411"},"modified":"2024-04-15T10:47:22","modified_gmt":"2024-04-15T08:47:22","slug":"principal-investigators","status":"publish","type":"page","link":"https:\/\/biologika-register.de\/en\/rabbit\/about-rabbit\/background\/principal-investigators\/","title":{"rendered":"Principal Investigators"},"content":{"rendered":"<div id=\"c162\" class=\"csc-default\">\n<p class=\"bodytext\">The study is coordinated and supervised by Dr. med. Anja Strangfeld and Dr. Dr. Martin Sch\u00e4fer at the German Rheumatism Research Center (Deutsches Rheuma-Forschungszentrum, DRFZ) in Berlin.<\/p>\n<p class=\"bodytext\">\n<\/div>\n<div id=\"c163\" class=\"csc-default\">\n<div class=\"csc-header csc-header-n2\">\n<h1>Head Office<\/h1>\n<\/div>\n<p class=\"bodytext\">RABBIT<br \/>\nDeutsches Rheuma-Forschungszentrum Berlin<br \/>\nCharit\u00e9platz 1<br \/>\n10117 Berlin<\/p>\n<\/div>\n<div id=\"c164\" class=\"csc-default\">\n<div class=\"csc-header csc-header-n3\">\n<h1>Scientific Advisory Board<\/h1>\n<\/div>\n<p class=\"bodytext\">The Scientific Advisory Board is a committee of rheumatologists and scientific experts in the field of rheumatology counselling the directorship of RABBIT in scientific questions.<\/p>\n<p class=\"bodytext\">Members are:<\/p>\n<p class=\"bodytext\">Prof. Dr. med. Peter Herzer, M\u00fcnchen<br \/>\nProf. Dr. med. J\u00f6rn Kekow, MEDIGREIF Fachkrankenhaus f\u00fcr Rheumatologie und Orthop\u00e4die, Vogelsang-Gommern<br \/>\nProf. Dr. med. Bernhard Manger, Universit\u00e4tsklinikum Erlangen<br \/>\nProf. Dr. med. Matthias Schneider, Universit\u00e4tsklinikum D\u00fcsseldorf<br \/>\nProf. Dr. rer. pol. Angela Zink, Berlin<\/p>\n<p class=\"bodytext\">\n<\/div>\n","protected":false},"excerpt":{"rendered":"<p>The study is coordinated and supervised by Dr. med. Anja Strangfeld and Dr. Dr. Martin Sch\u00e4fer at the German Rheumatism &#8230; <a title=\"Principal Investigators\" class=\"read-more\" href=\"https:\/\/biologika-register.de\/en\/rabbit\/about-rabbit\/background\/principal-investigators\/\" aria-label=\"Read more about Principal Investigators\">mehr<\/a><\/p>\n","protected":false},"author":1,"featured_media":0,"parent":405,"menu_order":2,"comment_status":"closed","ping_status":"closed","template":"","meta":{"_crdt_document":"","generate_page_header":"","footnotes":""},"class_list":{"0":"post-411","1":"page","2":"type-page","3":"status-publish","5":"infinite-scroll-item"},"_links":{"self":[{"href":"https:\/\/biologika-register.de\/en\/wp-json\/wp\/v2\/pages\/411","targetHints":{"allow":["GET"]}}],"collection":[{"href":"https:\/\/biologika-register.de\/en\/wp-json\/wp\/v2\/pages"}],"about":[{"href":"https:\/\/biologika-register.de\/en\/wp-json\/wp\/v2\/types\/page"}],"author":[{"embeddable":true,"href":"https:\/\/biologika-register.de\/en\/wp-json\/wp\/v2\/users\/1"}],"replies":[{"embeddable":true,"href":"https:\/\/biologika-register.de\/en\/wp-json\/wp\/v2\/comments?post=411"}],"version-history":[{"count":3,"href":"https:\/\/biologika-register.de\/en\/wp-json\/wp\/v2\/pages\/411\/revisions"}],"predecessor-version":[{"id":3907,"href":"https:\/\/biologika-register.de\/en\/wp-json\/wp\/v2\/pages\/411\/revisions\/3907"}],"up":[{"embeddable":true,"href":"https:\/\/biologika-register.de\/en\/wp-json\/wp\/v2\/pages\/405"}],"wp:attachment":[{"href":"https:\/\/biologika-register.de\/en\/wp-json\/wp\/v2\/media?parent=411"}],"curies":[{"name":"wp","href":"https:\/\/api.w.org\/{rel}","templated":true}]}}