{"id":365,"date":"2018-08-27T15:26:05","date_gmt":"2018-08-27T13:26:05","guid":{"rendered":"https:\/\/biologika-register.de?page_id=365"},"modified":"2018-09-03T18:00:25","modified_gmt":"2018-09-03T16:00:25","slug":"disclaimer","status":"publish","type":"page","link":"https:\/\/biologika-register.de\/en\/rabbit\/disclaimer\/","title":{"rendered":"Disclaimer"},"content":{"rendered":"<div id=\"c314\" class=\"csc-default\">\n<div class=\"csc-header csc-header-n1\">\n<h4 class=\"csc-firstHeader\">Datenschutzerkl\u00e4rung<\/h4>\n<\/div>\n<div id=\"main-content\" class=\"wiki-content\">\n<p class=\"bodytext\">Personenbezogene Daten werden von uns nur im Rahmen der Erforderlichkeit sowie zum Zwecke der Bereitstellung eines funktionsf\u00e4higen und nutzerfreundlichen Internetauftritts, inklusive seiner Inhalte und der dort angebotenen Leistungen, verarbeitet.<br \/>\nGem\u00e4\u00df Art. 4 Ziffer 1. der Verordnung (EU) 2016\/679, also der Datenschutz-Grundverordnung (nachfolgend nur \u201eDSGVO&#8221; genannt), gilt als \u201eVerarbeitung&#8221; jeder mit oder ohne Hilfe automatisierter Verfahren ausgef\u00fchrter Vorgang oder jede solche Vorgangsreihe im Zusammenhang mit personenbezogenen Daten, wie das Erheben, das Erfassen, die Organisation, das Ordnen, die Speicherung, die Anpassung oder Ver\u00e4nderung, das Auslesen, das Abfragen, die Verwendung, die Offenlegung durch \u00dcbermittlung, Verbreitung oder eine andere Form der Bereitstellung, den Abgleich oder die Verkn\u00fcpfung, die Einschr\u00e4nkung, das L\u00f6schen oder die Vernichtung.<br \/>\nMit der nachfolgenden Datenschutzerkl\u00e4rung informieren wir Sie insbesondere \u00fcber Art, Umfang, Zweck, Dauer und Rechtsgrundlage der Verarbeitung personenbezogener Daten, soweit wir entweder allein oder gemeinsam mit anderen \u00fcber die Zwecke und Mittel der Verarbeitung entscheiden. Zudem informieren wir Sie nachfolgend \u00fcber die von uns zu Optimierungszwecken sowie zur Steigerung der Nutzungsqualit\u00e4t eingesetzten Fremdkomponenten, soweit hierdurch Dritte Daten in wiederum eigener Verantwortung verarbeiten.<br \/>\nUnsere Datenschutzerkl\u00e4rung ist wie folgt gegliedert:<\/p>\n<p class=\"bodytext\"><a href=\"https:\/\/wiki.drfz.de\/pages\/viewpage.action?pageId=13501607#DRFZ_Datenschutzerkl%C3%A4rung_Entwurf_-_Toc515039229\" rel=\"nofollow\">1. Verantwortlicher <\/a><br \/>\n<a href=\"https:\/\/wiki.drfz.de\/pages\/viewpage.action?pageId=13501607#DRFZ_Datenschutzerkl%C3%A4rung_Entwurf_-_Toc515039230\" rel=\"nofollow\">2. Datenschutzbeauftragter <\/a><br \/>\n<a href=\"https:\/\/wiki.drfz.de\/pages\/viewpage.action?pageId=13501607#DRFZ_Datenschutzerkl%C3%A4rung_Entwurf_-_Toc515039231\" rel=\"nofollow\">3. Allgemeine Informationen zur Datenverarbeitung <\/a><br \/>\n<a href=\"https:\/\/wiki.drfz.de\/pages\/viewpage.action?pageId=13501607#DRFZ_Datenschutzerkl%C3%A4rung_Entwurf_-_Toc515039232\" rel=\"nofollow\">4. Datenerhebung beim Besuch unserer Website <\/a><br \/>\n<a href=\"https:\/\/wiki.drfz.de\/pages\/viewpage.action?pageId=13501607#DRFZ_Datenschutzerkl%C3%A4rung_Entwurf_-_Toc515039234\" rel=\"nofollow\">5. Rechte von Betroffenen <\/a><\/p>\n<h3 id=\"Rabbit_Datenschutzerkl\u00e4rung_DSGVO-1.Verantwortlicher\">1. Verantwortlicher<\/h3>\n<p class=\"bodytext\">Verantwortlicher gem\u00e4\u00df Art. 4 Abs. 7 DSGVO und anderer nationaler Datenschutzgesetze der Mitgliedsstaaten der Europ\u00e4ischen Union sowie sonstiger datenschutzrechtlicher Bestimmungen ist das<br \/>\nDeutsches Rheuma-Forschungszentrum<br \/>\nCharit\u00e8platz 1<br \/>\n10117 Berlin<br \/>\nTelefon +49 [0]30 Fax +49 [0]30 E-Mail <a class=\"external-link\" href=\"mailto:info@drfz.de\" rel=\"nofollow\">info@drfz.de<\/a><\/p>\n<h3 id=\"Rabbit_Datenschutzerkl\u00e4rung_DSGVO-2.Datenschutzbeauftragter\">2. Datenschutzbeauftragter<\/h3>\n<p class=\"bodytext\">F\u00fcr Fragen, Anregungen oder Kommentare zum Thema Datenschutz und zur Durchsetzung Ihrer Rechte wenden Sie sich bitte an unseren Datenschutzbeauftragten:<br \/>\nUnseren Datenschutzbeauftragten erreichen Sie per Post unter<br \/>\nder o.g. Adresse mit dem Zusatz \u201eDatenschutzbeauftragter&#8221; oder \u00fcber die<br \/>\nE-Mailadresse: <a class=\"external-link\" href=\"mailto:datenschutz@drfz.de\" rel=\"nofollow\">datenschutz@drfz.de<\/a><\/p>\n<h3 id=\"Rabbit_Datenschutzerkl\u00e4rung_DSGVO-3.AllgemeineInformationenzurDatenverarbeitung\">3. Allgemeine Informationen zur Datenverarbeitung<\/h3>\n<p class=\"bodytext\">Das Deutsche Rheuma-Forschungszentrum nimmt den Schutz personenbezogener Daten sehr ernst. Wir haben technische und organisatorische Ma\u00dfnahmen getroffen, die sicherstellen, dass die Datenschutz-Vorschriften von uns sowie vom externen Dienstleistern stets eingehalten werden.<\/p>\n<h3 id=\"Rabbit_Datenschutzerkl\u00e4rung_DSGVO-4.DatenerhebungbeimBesuchunsererWebsite\">4. Datenerhebung beim Besuch unserer Website<\/h3>\n<p class=\"bodytext\">Soweit Sie unsere Websites rein informatorisch nutzen, Sie sich also weder registrieren, einen Vertrag mit uns abschlie\u00dfen oder uns anderweitig Informationen offenbaren, erheben wir nur die personenbezogenen Daten, die Ihr Browser an unsere Server \u00fcbermittelt. Beim Aufruf unserer Websites erheben wir die nachfolgenden Daten, die f\u00fcr uns technisch notwendig sind, um Ihnen unsere Websites anzeigen zu k\u00f6nnen und Stabilit\u00e4t und Sicherheit zu gew\u00e4hrleisten.<\/p>\n<ul>\n<li>IP-Adresse des Nutzers<\/li>\n<li>Datum und Uhrzeit der Anfrage<\/li>\n<li>Inhalt der Anforderung (konkrete Seite)<\/li>\n<li>Zugriffsstatus\/HTTP-Statuscode<\/li>\n<li>jeweils \u00fcbertragene Datenmenge<\/li>\n<li>Website, von der die Anforderung kommt<\/li>\n<li>Betriebssystem des Nutzers<\/li>\n<li>Sprache und Version der Browsersoftware.<\/li>\n<\/ul>\n<p class=\"bodytext\">Diese Daten werden f\u00fcr die Dauer von <b>maximal sieben Tagen<\/b> vor\u00fcbergehend in den Logfiles unseres Systems gespeichert. Eine dar\u00fcber hinausgehende Speicherung ist m\u00f6glich, in diesem Fall werden die IP-Adressen jedoch partiell gel\u00f6scht oder verfremdet, sodass eine Zuordnung des aufrufenden Clients nicht mehr m\u00f6glich ist. Eine Speicherung der Logfiles zusammen mit anderen, Sie betreffenden personenbezogenen Daten findet in diesem Zusammenhang nicht statt. Die Rechtsgrundlage f\u00fcr diese Verarbeitungsvorg\u00e4nge ist Art. 6 Abs. 1 lit. f DSGVO.<br \/>\nDa die Erfassung der Daten zur Anzeige der Websites und die Speicherung der Daten in Logfiles f\u00fcr den Betrieb unserer Websites und den Erhalt der IT-Sicherheit zwingend erforderlich ist, haben Sie insoweit keine Widerspruchsm\u00f6glichkeit.<\/p>\n<p class=\"bodytext\"><b>4.1 Verwendung von Cookies<\/b><br \/>\nNeben den zuvor genannten Daten werden bei der Nutzung unserer Websites Cookies w\u00e4hrend oder auch nach Ihrem Besuch unserer Onlineangebote auf Ihrem Endger\u00e4t gespeichert. Hierbei handelt es sich um kleine Text-Pakete, die von einer Website an den Browser geschickt werden k\u00f6nnen und von diesem gespeichert und wieder zur\u00fcckgeschickt werden. In Cookies k\u00f6nnen unterschiedliche Angaben gespeichert werden, die von der Stelle, die den Cookie setzt, ausgelesen werden. Sie enthalten in der Regel eine charakteristische Zeichenfolge (ID), die eine eindeutige Identifizierung des Browsers beim erneuten Aufrufen der Website oder einem Seitenwechsel erm\u00f6glicht. Sie dienen in erster Linie dazu, unsere Online-Angebote insgesamt nutzerfreundlicher und effektiver zu gestalten. Die in Cookies erhobenen Daten der Nutzer werden durch technische Vorkehrungen pseudonymisiert, wodurch eine Zuordnung der Daten zum aufrufenden Nutzer in der Regel nicht mehr m\u00f6glich ist. Soweit eine Identifizierbarkeit gegeben ist, wie etwa bei einem Login-Cookie, dessen Session-ID notwendigerweise mit dem Account des Users verkn\u00fcpft ist, weisen wir Sie an der entsprechenden Stelle darauf hin.<br \/>\nWir nutzen verschiedene Arten von Cookies:<\/p>\n<ul>\n<li>Bei transienten Cookies, die auch als tempor\u00e4re oder \u201eSession-Cookies&#8221; bezeichnet werden, handelt es sich um Cookies, die gel\u00f6scht werden, nachdem Sie unser Onlineangebot verlassen und den Browser schlie\u00dfen. In derartigen Cookies werden z. B. Spracheinstellungen oder der Inhalt eines Warenkorbs gespeichert.<\/li>\n<li>Persistente oder permanente Cookies, bleiben auch nach dem Schlie\u00dfen des Browsers gespeichert. So k\u00f6nnen z. B. der Login-Status oder eingegebene Suchbegriffe gespeichert werden. Solche Cookies nutzen wir unter anderem f\u00fcr Reichweitenmessung oder Marketingzwecke. Persistente Cookies werden automatisiert nach einer vorgegebenen Dauer gel\u00f6scht, die sich je nach Cookie unterscheiden kann. Sie k\u00f6nnen diese Cookies jedoch in den Sicherheitseinstellungen Ihres Browsers jederzeit l\u00f6schen.<\/li>\n<\/ul>\n<p class=\"bodytext\"><b>4.2 Matomo (Piwik) <\/b><\/p>\n<p class=\"bodytext\">Diese Website verwendet zur Webanalyse Matomo. Hierzu werden durch \u201eCookies\u201c, Textdateien, erzeugte Nutzungsinformationen (einschlie\u00dflich Ihrer gek\u00fcrzten IP-Adresse) an den Server \u00fcbertragen und zu Nutzungsanalysezwecken gespeichert, nachdem sie anonymisiert wurden. Die durch das Cookie erzeugten Informationen \u00fcber Ihre Benutzung der Seite werden nicht an Dritte weitergegeben. Sie k\u00f6nnen die Installation des Cookies durch eine entsprechende Einstellung Ihrer Browser Software verhindern; wir weisen Sie jedoch darauf hin, dass Sie in diesem Fall gegebenenfalls nicht s\u00e4mtliche Funktionen dieser Website vollumf\u00e4nglich nutzen k\u00f6nnen.<\/p>\n<p><b>Widerspruch<\/b><\/p>\n<p>Wenn Sie mit der Speicherung und Auswertung der erzeugten Nutzungsinformationen nicht einverstanden sind, k\u00f6nnen Sie dieser nachfolgend widersprechen. In diesem Fall wird in Ihrem Browser ein sog. Deaktivierungs-Cookie abgelegt, was zur Folge hat, dass Matomo keinerlei Sitzungsdaten erhebt.<br \/>\n<b>Achtung:<\/b> Wenn Sie ihre Cookies l\u00f6schen, so hat dies zur Folge, dass auch das Deaktivierungs-Cookie gel\u00f6scht wird und von Ihnen erneut abgelegt werden muss.<\/p>\n<p>Auf der folgenden Internetseite haben Sie die M\u00f6glichkeit, die Datenerfassung durch Matomo zu deaktivieren:<\/p>\n<p class=\"bodytext\">Widerspruchsm\u00f6glichkeit gegen die Webanalyse durch Matomo\u00a0 ( klicken Weblink )<\/p>\n<p class=\"bodytext\"><b>4.4 Kontaktformulare und E-Mail-Kontakt<\/b><br \/>\nAuf unseren Webseite finden Sie ein Kontaktformulare,\u00a0 das f\u00fcr die elektronische Kontaktaufnahme genutzt werden k\u00f6nnen. Hierdurch erf\u00fcllen wir unter anderem die gesetzliche Vorgabe, eine schnelle elektronische Kontaktaufnahme mit uns zu erm\u00f6glichen. Wenn Sie diese M\u00f6glichkeit nutzen werden Ihre Angaben zum Zwecke der Beantwortung der Anfrage gem\u00e4\u00df Art. 6 Abs. 1 lit. c DSGVO verarbeitet und automatisch gespeichert. Wir l\u00f6schen die Anfragen, sofern diese nicht mehr erforderlich sind und keine gesetzlichen Archivierungspflichten gelten.<\/p>\n<h3 id=\"Rabbit_Datenschutzerkl\u00e4rung_DSGVO-5.RechtevonBetroffenen\">5. Rechte von Betroffenen<\/h3>\n<p class=\"bodytext\">Werden personenbezogene Daten von Ihnen verarbeitet, sind Sie Betroffener im Sinne der DSGVO. Uns gegen\u00fcber als Verantwortlichem stehen Ihnen folgende Rechte zu:<br \/>\n<b>5.1 Recht auf Widerruf einer datenschutzrechtlichen Einwilligungserkl\u00e4rung<\/b><br \/>\nSofern die Verarbeitung der personenbezogenen Daten auf einer erteilten Einwilligung beruht, haben Sie jederzeit das Recht, diese Einwilligung zu widerrufen. Durch den Widerruf wird die Rechtm\u00e4\u00dfigkeit der aufgrund der Einwilligung bis zum Widerruf erfolgten Verarbeitung nicht ber\u00fchrt.<br \/>\n<b>5.2 Recht auf Auskunft<\/b><br \/>\nSie haben das Recht, von uns eine Best\u00e4tigung dar\u00fcber zu verlangen, ob wir Sie betreffende personenbezogene Daten verarbeiten. Sofern dies der Fall ist, k\u00f6nnen Sie Auskunft \u00fcber folgende Informationen verlangen:<\/p>\n<ul>\n<li>die Verarbeitungszwecke;<\/li>\n<li>die Kategorien personenbezogener Daten, die verarbeitet werden;<\/li>\n<li>die Empf\u00e4nger oder Kategorien von Empf\u00e4ngern, gegen\u00fcber denen die personenbezogenen Daten offengelegt worden sind oder noch offengelegt werden, wobei Sie im Zusammenhang mit der \u00dcbermittlung an ein Drittland oder an eine internationale Organisation zus\u00e4tzlich das Recht haben, \u00fcber die geeigneten Garantien gem\u00e4\u00df Art. 46 DSGVO unterrichtet zu werden;<\/li>\n<li>falls m\u00f6glich, die geplante Dauer, f\u00fcr die die personenbezogenen Daten gespeichert werden, oder, falls dies nicht m\u00f6glich ist, die Kriterien f\u00fcr die Festlegung dieser Dauer;<\/li>\n<li>das Bestehen eines Rechts auf Berichtigung oder L\u00f6schung der Sie betreffenden personenbezogenen Daten oder auf Einschr\u00e4nkung der Verarbeitung durch uns oder eines Widerspruchsrechts gegen diese Verarbeitung;<\/li>\n<li>das Bestehen eines Beschwerderechts bei einer Aufsichtsbeh\u00f6rde;<\/li>\n<li>wenn die personenbezogenen Daten nicht bei Ihnen erhoben werden, alle verf\u00fcgbaren Informationen \u00fcber die Herkunft der Daten;<\/li>\n<li>das Bestehen einer automatisierten Entscheidungsfindung einschlie\u00dflich Profiling gem\u00e4\u00df Artikel 22 Abs\u00e4tze 1 und 4 DSGVO und \u2013 zumindest in diesen F\u00e4llen \u2013 aussagekr\u00e4ftige Informationen \u00fcber die involvierte Logik sowie die Tragweite und die angestrebten Auswirkungen einer derartigen Verarbeitung f\u00fcr die betroffene Person.<\/li>\n<\/ul>\n<p class=\"bodytext\">Wir stellen Ihnen innerhalb eines Monats nach Eingang Ihres Auskunftsersuchens eine Kopie der personenbezogenen Daten, die Gegenstand der Verarbeitung sind, zur Verf\u00fcgung. F\u00fcr alle weiteren Kopien, die Sie beantragen, k\u00f6nnen wir ein angemessenes Entgelt auf der Grundlage der Verwaltungskosten verlangen. Stellen Sie den Antrag elektronisch, werden wir Ihnen die Informationen in einem g\u00e4ngigen elektronischen Format zur Verf\u00fcgung stellen, sofern Sie nichts anderes angeben.<br \/>\n<b>5.3 Recht auf Berichtigung<\/b><br \/>\nSie haben das Recht, von uns unverz\u00fcglich die Berichtigung Ihrer personenbezogenen Daten zu verlangen, wenn diese unrichtig sind. Unter Ber\u00fccksichtigung der Zwecke der Verarbeitung haben Sie das Recht, die Vervollst\u00e4ndigung unvollst\u00e4ndiger personenbezogener Daten \u2013 auch mittels einer erg\u00e4nzenden Erkl\u00e4rung \u2013 zu verlangen.<br \/>\n<b>5.4 Recht auf L\u00f6schung (\u201eRecht auf Vergessen werden&#8221;)<\/b><br \/>\nSie haben das Recht, von uns zu verlangen, dass Sie betreffende personenbezogene Daten unverz\u00fcglich gel\u00f6scht werden, und wir sind verpflichtet, personenbezogene Daten unverz\u00fcglich zu l\u00f6schen, sofern einer der folgenden Gr\u00fcnde zutrifft:<\/p>\n<ul>\n<li>Die personenbezogenen Daten sind f\u00fcr die Zwecke, f\u00fcr die sie erhoben oder auf sonstige Weise verarbeitet wurden, nicht mehr notwendig.<\/li>\n<li>Sie widerrufen ihre Einwilligung, auf die sich die Verarbeitung st\u00fctzte, und es fehlt an einer anderweitigen Rechtsgrundlage f\u00fcr die Verarbeitung.<\/li>\n<li>Sie legen Widerspruch gegen die Verarbeitung ein und es liegen keine vorrangigen berechtigten Gr\u00fcnde f\u00fcr die Verarbeitung vor, oder Sie legen Widerspruch gegen die Verarbeitung ein.<\/li>\n<li>Die personenbezogenen Daten wurden unrechtm\u00e4\u00dfig verarbeitet.<\/li>\n<li>Die L\u00f6schung der personenbezogenen Daten ist zur Erf\u00fcllung einer rechtlichen Verpflichtung nach dem Unionsrecht oder dem Recht der Mitgliedsstaaten erforderlich.<\/li>\n<li>Die personenbezogenen Daten wurden in Bezug auf angebotene Dienste der Informationsgesellschaft gem\u00e4\u00df Art. 8 Abs. 1 DSGVO erhoben.<\/li>\n<\/ul>\n<p class=\"bodytext\">Information an -Dritte<br \/>\nHaben wir die Sie betreffenden personenbezogenen Daten \u00f6ffentlich gemacht und sind wir zu deren L\u00f6schung verpflichtet, so treffen wir unter Ber\u00fccksichtigung der verf\u00fcgbaren Technologie und der Implementierungskosten angemessene Ma\u00dfnahmen, auch technischer Art, um f\u00fcr die Datenverarbeitung Verantwortliche, die die personenbezogenen Daten verarbeiten, dar\u00fcber zu informieren, dass Sie von ihnen die L\u00f6schung aller Links zu diesen personenbezogenen Daten oder von Kopien oder Replikationen dieser personenbezogenen Daten verlangt hat.<br \/>\nAusnahmen<br \/>\nDas Recht auf L\u00f6schung (\u201eRecht auf Vergessen werden&#8221;) besteht nicht, soweit die Verarbeitung erforderlich ist:<\/p>\n<ul>\n<li>zur Aus\u00fcbung des Rechts auf freie Meinungs\u00e4u\u00dferung und Information;<\/li>\n<li>zur Erf\u00fcllung einer rechtlichen Verpflichtung, die die Verarbeitung nach dem Recht der Union oder der Mitgliedsstaaten, dem wir unterliegen, erfordert, oder zur Wahrnehmung einer Aufgabe, die im \u00f6ffentlichen Interesse liegt oder in Aus\u00fcbung \u00f6ffentlicher Gewalt erfolgt, die uns \u00fcbertragen wurde;<\/li>\n<li>aus Gr\u00fcnden des \u00f6ffentlichen Interesses im Bereich der \u00f6ffentlichen Gesundheit gem\u00e4\u00df Art. 9 Abs. 2 lit. h und i sowie Art. 9 Abs. 3 DSGVO;<\/li>\n<li>f\u00fcr im \u00f6ffentlichen Interesse liegende Archivzwecke, wissenschaftliche oder historische Forschungszwecke oder f\u00fcr statistische Zwecke gem\u00e4\u00df Art. 89 Abs. 1 DSGVO, soweit das Recht auf L\u00f6schung voraussichtlich die Verwirklichung der Ziele dieser Verarbeitung unm\u00f6glich macht oder ernsthaft beeintr\u00e4chtigt, oder<\/li>\n<li>zur Geltendmachung, Aus\u00fcbung oder Verteidigung von Rechtsanspr\u00fcchen<b>.<\/b><\/li>\n<\/ul>\n<p class=\"bodytext\"><b>5.5 Recht auf Einschr\u00e4nkung der Verarbeitung<\/b><br \/>\nSie haben das Recht, von uns die Einschr\u00e4nkung der Verarbeitung Ihrer personenbezogenen Daten zu verlangen, wenn eine der folgenden Voraussetzungen gegeben ist:<\/p>\n<ul>\n<li>Sie bestreiten die Richtigkeit der Sie betreffenden personenbezogenen Daten f\u00fcr eine Dauer, die es uns erm\u00f6glicht, die Richtigkeit der personenbezogenen Daten zu \u00fcberpr\u00fcfen;<\/li>\n<li>die Verarbeitung ist unrechtm\u00e4\u00dfig und Sie verlangen anstelle der L\u00f6schung die Einschr\u00e4nkung der Nutzung der personenbezogenen Daten;<\/li>\n<li>wir ben\u00f6tigen die personenbezogenen Daten f\u00fcr die Zwecke der Verarbeitung nicht l\u00e4nger, Sie ben\u00f6tigen diese jedoch zur Geltendmachung, Aus\u00fcbung oder Verteidigung von Rechtsanspr\u00fcchen, oder<\/li>\n<li>Sie haben Widerspruch gegen die Verarbeitung eingelegt, solange noch nicht feststeht, ob unsere berechtigten Gr\u00fcnde gegen\u00fcber Ihren Gr\u00fcnden \u00fcberwiegen.<\/li>\n<\/ul>\n<p class=\"bodytext\">Wurde die Verarbeitung gem\u00e4\u00df den oben genannten Voraussetzungen eingeschr\u00e4nkt, so werden diese personenbezogenen Daten \u2013 von ihrer Speicherung abgesehen \u2013 nur mit Ihrer Einwilligung oder zur Geltendmachung, Aus\u00fcbung oder Verteidigung von Rechtsanspr\u00fcchen oder zum Schutz der Rechte einer anderen nat\u00fcrlichen oder juristischen Person oder aus Gr\u00fcnden eines wichtigen \u00f6ffentlichen Interesses der Union oder eines Mitgliedsstaats verarbeitet.<br \/>\nWurde die Einschr\u00e4nkung der Verarbeitung nach den oben genannten Voraussetzungen eingeschr\u00e4nkt, werden wir Sie unterrichten, bevor die Einschr\u00e4nkung aufgehoben wird.<br \/>\n<b>5.6 Recht auf Daten\u00fcbertragbarkeit<\/b><br \/>\nSie haben das Recht, die Sie betreffenden personenbezogenen Daten, die Sie uns bereitgestellt haben, in einem strukturierten, g\u00e4ngigen und maschinenlesbaren Format zu erhalten, und Sie haben das Recht, diese Daten einem anderen Verantwortlichen ohne Behinderung durch uns, zu \u00fcbermitteln, sofern die Verarbeitung auf einer Einwilligung oder auf einem Vertrag beruht und mithilfe automatisierter Verfahren erfolgt. In der Aus\u00fcbung des Rechts auf Daten\u00fcbertragbarkeit k\u00f6nnen Sie erwirken, dass die personenbezogenen Daten direkt von uns zu einem anderen Verantwortlichen \u00fcbermittelt werden, soweit dies technisch machbar ist. Die Aus\u00fcbung des Rechts auf Daten\u00fcbertragbarkeit l\u00e4sst das Recht auf L\u00f6schung (\u201eRecht auf Vergessen werden&#8221;) unber\u00fchrt. Dieses Recht gilt nicht f\u00fcr eine Verarbeitung, die f\u00fcr die Wahrnehmung einer uns \u00fcbertragenen Aufgabe erforderlich ist, die im \u00f6ffentlichen Interesse liegt oder in Aus\u00fcbung \u00f6ffentlicher Gewalt erfolgt.<br \/>\n<b>5.7 Widerspruchsrecht<\/b><br \/>\nSie haben das Recht, aus Gr\u00fcnden, die sich aus Ihrer besonderen Situation ergeben, jederzeit gegen die Verarbeitung Sie betreffender personenbezogener Daten, die aufgrund von Art. 6 Abs. 1 lit. e oder f DSGVO erfolgt, Widerspruch einzulegen. Dies gilt auch f\u00fcr ein auf diese Bestimmungen gest\u00fctztes Profiling. Wir verarbeiten die personenbezogenen Daten dann nicht mehr, es sei denn, wir k\u00f6nnen zwingende schutzw\u00fcrdige Gr\u00fcnde f\u00fcr die Verarbeitung nachweisen, die Ihren Interessen, Rechten und Freiheiten \u00fcberwiegen, oder die Verarbeitung dient der Geltendmachung, Aus\u00fcbung oder Verteidigung von Rechtsanspr\u00fcchen.<br \/>\n<b>5.9 Recht auf Beschwerde bei einer Aufsichtsbeh\u00f6rde<\/b><br \/>\nSie haben unbeschadet eines anderweitigen verwaltungsrechtlichen oder gerichtlichen Rechtsbehelfs das Recht auf Beschwerde bei einer Aufsichtsbeh\u00f6rde, insbesondere in dem Mitgliedsstaat Ihres Aufenthaltsorts, Ihres Arbeitsplatzes oder des Orts des mutma\u00dflichen Versto\u00dfes, wenn Sie der Ansicht sind, dass die Verarbeitung der Sie betreffenden personenbezogenen Daten gegen die DSGVO verst\u00f6\u00dft.<\/p>\n<h3 id=\"Rabbit_Datenschutzerkl\u00e4rung_DSGVO-6.StandundAktualisierungdieserDatenschutzerkl\u00e4rung\">6. Stand und Aktualisierung dieser Datenschutzerkl\u00e4rung<\/h3>\n<p class=\"bodytext\">Diese Datenschutzerkl\u00e4rung hat den Stand vom 25. Mai 2018. Wir behalten uns vor, die Datenschutzerkl\u00e4rung zu gegebener Zeit zu aktualisieren, um den Datenschutz zu verbessern und\/oder an ge\u00e4nderte Beh\u00f6rdenpraxis oder Rechtsprechung anzupassen.<\/p>\n<\/div>\n<p class=\"bodytext\">Haftung f\u00fcr Inhalte<br \/>\nAls Diensteanbieter sind wir gem\u00e4\u00df \u00a7 7 Abs. 1 TMG f\u00fcr eigene Inhalte auf diesen Seiten nach den allgemeinen Gesetzen verantwortlich. Nach \u00a7\u00a7 8 bis 10 TMG sind wir als Diensteanbieter jedoch nicht verpflichtet, \u00fcbermittelte oder gespeicherte fremde Informationen zu \u00fcberwachen oder nach Umst\u00e4nden zu forschen, die auf eine rechtswidrige T\u00e4tigkeit hinweisen. Verpflichtungen zur Entfernung oder Sperrung der Nutzung von Informationen nach den allgemeinen Gesetzen bleiben hiervon unber\u00fchrt. Eine diesbez\u00fcgliche Haftung ist jedoch erst ab dem Zeitpunkt der Kenntnis einer konkreten Rechtsverletzung m\u00f6glich. Bei Bekanntwerden von entsprechenden Rechtsverletzungen werden wir diese Inhalte umgehend entfernen.<\/p>\n<p>Haftung f\u00fcr Links<br \/>\nUnser Angebot enth\u00e4lt Links zu externen Webseiten Dritter, auf deren Inhalte wir keinen Einfluss haben. Deshalb k\u00f6nnen wir f\u00fcr diese fremden Inhalte auch keine Gew\u00e4hr \u00fcbernehmen. F\u00fcr die Inhalte der verlinkten Seiten ist stets der jeweilige Anbieter oder Betreiber der Seiten verantwortlich. Die verlinkten Seiten wurden zum Zeitpunkt der Verlinkung auf m\u00f6gliche Rechtsverst\u00f6\u00dfe \u00fcberpr\u00fcft. Rechtswidrige Inhalte waren zum Zeitpunkt der Verlinkung nicht erkennbar. Eine permanente inhaltliche Kontrolle der verlinkten Seiten ist jedoch ohne konkrete Anhaltspunkte einer Rechtsverletzung nicht zumutbar. Bei Bekanntwerden von Rechtsverletzungen werden wir derartige Links umgehend entfernen.<\/p>\n<\/div>\n<div id=\"c315\" class=\"csc-default\">\n<div class=\"csc-header csc-header-n2\">\n<h4>Urheberrecht<\/h4>\n<\/div>\n<p class=\"bodytext\">Die durch die Seitenbetreiber erstellten Inhalte und Werke auf diesen Seiten unterliegen dem deutschen Urheberrecht. Die Vervielf\u00e4ltigung, Bearbeitung, Verbreitung und jede Art der Verwertung au\u00dferhalb der Grenzen des Urheberrechtes bed\u00fcrfen der schriftlichen Zustimmung des jeweiligen Autors bzw. Erstellers. Downloads und Kopien dieser Seite sind nur f\u00fcr den privaten, nicht kommerziellen Gebrauch gestattet. Soweit die Inhalte auf dieser Seite nicht vom Betreiber erstellt wurden, werden die Urheberrechte Dritter beachtet. Insbesondere werden Inhalte Dritter als solche gekennzeichnet. Sollten Sie trotzdem auf eine Urheberrechtsverletzung aufmerksam werden, bitten wir um einen entsprechenden Hinweis. Bei Bekanntwerden von Rechtsverletzungen werden wir derartige Inhalte umgehend entfernen.<\/p>\n<\/div>\n","protected":false},"excerpt":{"rendered":"<p>Datenschutzerkl\u00e4rung Personenbezogene Daten werden von uns nur im Rahmen der Erforderlichkeit sowie zum Zwecke der Bereitstellung eines funktionsf\u00e4higen und nutzerfreundlichen &#8230; <a title=\"Disclaimer\" class=\"read-more\" href=\"https:\/\/biologika-register.de\/en\/rabbit\/disclaimer\/\" aria-label=\"Read more about Disclaimer\">mehr<\/a><\/p>\n","protected":false},"author":1,"featured_media":0,"parent":86,"menu_order":0,"comment_status":"closed","ping_status":"closed","template":"","meta":{"_crdt_document":"","generate_page_header":"","footnotes":""},"class_list":{"0":"post-365","1":"page","2":"type-page","3":"status-publish","5":"infinite-scroll-item"},"_links":{"self":[{"href":"https:\/\/biologika-register.de\/en\/wp-json\/wp\/v2\/pages\/365","targetHints":{"allow":["GET"]}}],"collection":[{"href":"https:\/\/biologika-register.de\/en\/wp-json\/wp\/v2\/pages"}],"about":[{"href":"https:\/\/biologika-register.de\/en\/wp-json\/wp\/v2\/types\/page"}],"author":[{"embeddable":true,"href":"https:\/\/biologika-register.de\/en\/wp-json\/wp\/v2\/users\/1"}],"replies":[{"embeddable":true,"href":"https:\/\/biologika-register.de\/en\/wp-json\/wp\/v2\/comments?post=365"}],"version-history":[{"count":2,"href":"https:\/\/biologika-register.de\/en\/wp-json\/wp\/v2\/pages\/365\/revisions"}],"predecessor-version":[{"id":599,"href":"https:\/\/biologika-register.de\/en\/wp-json\/wp\/v2\/pages\/365\/revisions\/599"}],"up":[{"embeddable":true,"href":"https:\/\/biologika-register.de\/en\/wp-json\/wp\/v2\/pages\/86"}],"wp:attachment":[{"href":"https:\/\/biologika-register.de\/en\/wp-json\/wp\/v2\/media?parent=365"}],"curies":[{"name":"wp","href":"https:\/\/api.w.org\/{rel}","templated":true}]}}